{"id":886,"date":"2012-08-24T19:22:09","date_gmt":"2012-08-24T19:22:09","guid":{"rendered":"http:\/\/democracywatch.ca\/?page_id=886"},"modified":"2025-07-07T10:25:34","modified_gmt":"2025-07-07T14:25:34","slug":"definition-of-democracy","status":"publish","type":"page","link":"https:\/\/democracywatch.ca\/fr\/definition-of-democracy\/","title":{"rendered":"D\u00e9finition d&#8217;une soci\u00e9t\u00e9 d\u00e9mocratique"},"content":{"rendered":"<p><strong>Le mandat de la D\u00e9mocratie en surveillance, <em>20 \u00e9tapes vers une d\u00e9mocratie moderne et fonctionnante<\/em>, est bas\u00e9 sur la d\u00e9finition suivante d&#8217;une soci\u00e9t\u00e9 d\u00e9mocratique (<\/strong><a href=\"#international\">Clic ici<\/a> <strong>pour voir les d\u00e9finitions d&#8217;autres organismes des \u00e9l\u00e9ments principaux a eu besoin pour une soci\u00e9t\u00e9 d\u00e9mocratique) :<\/strong><\/p>\n<div align=\"center\">\n<hr size=\"2\" align=\"center\" width=\"100%\">\n<\/div>\n<p><strong>Une D\u00c9MOCRATIE EST<\/strong> une soci\u00e9t\u00e9 dans laquelle tous les adultes ont facilement des mani\u00e8res accessibles, signicatives, et efficaces :<\/p>\n<ol start=\"1\">\n<li>pour participer aux processus d\u00e9cisionnels de chaque organisation qui prend des d\u00e9cisions ou agit qui les affectent, et ;<\/li>\n<li>il est malhonn\u00eate, non conformiste, injuste de tenir d&#8217;autres individus, et ceux dans ces organismes qui sont responsables de prendre des d\u00e9cisions et d&#8217;agir, enti\u00e8rement responsables si leurs d\u00e9cisions ou actions violent des droits de l&#8217;homme fondamentaux, ou, r\u00e9serv\u00e9, inefficace, peu repr\u00e9sentatif, insensible ou irresponsable ;<\/li>\n<\/ol>\n<p>de sorte que tous les organismes dans la soci\u00e9t\u00e9 citoyen-soient poss\u00e9d\u00e9s, citoyen-command\u00e9, et citoyen-conduit, et tous les individus et organismes sont jug\u00e9s responsables du m\u00e9fait.<\/p>\n<p>Tous les enfants devraient \u00e9galement avoir facilement des mani\u00e8res accessibles, signicatives, et efficaces de juger des organismes responsables comme pr\u00e9sent\u00e9 \u00e0 #2 ci-dessus, mais il est acceptable dans une d\u00e9mocratie de limiter les droites de participation des enfants jusqu&#8217;\u00e0 ce qu&#8217;elles atteignent l&#8217;\u00e2ge adulte, principalement parce que la recherche psychologique a prouv\u00e9 clairement que presque tous les enfants au-dessous d&#8217;un certain \u00e2ge n&#8217;ont pas enti\u00e8rement form\u00e9 des cerveaux, et ne soient pas capables de la d\u00e9lib\u00e9ration et de la discussion raisonnables.<\/p>\n<p>La n\u00e9cessit\u00e9 suivante de mesures de participation et de responsabilit\u00e9 d&#8217;\u00eatre en place dans chaque organisation (gouvernement et de corporation, public et priv\u00e9) dans n&#8217;importe quelle soci\u00e9t\u00e9 pour accomplir la d\u00e9finition a vis\u00e9 en haut (et les campagnes de la montre de d\u00e9mocratie poussent des gouvernements et des soci\u00e9t\u00e9s pour mettre en application ces mesures) :<\/p>\n<ol start=\"1\">\n<li>une constitution qui a vis\u00e9 les r\u00e8gles d&#8217;exploitation essentielles pour l&#8217;organisation (et le pays, le province\/state, et les municipalit\u00e9s), y compris la protection forte des droits de l&#8217;homme fondamentaux ;<\/li>\n<li>un syst\u00e8me d&#8217;\u00e9lection pour les repr\u00e9sentants de choix qui est juste et a comme cons\u00e9quence un corps r\u00e9gissant qui repr\u00e9sente des voix de citoyen exactement ;<\/li>\n<li>un processus d\u00e9cisionnel direct (initiative et r\u00e9f\u00e9rendum, par exemple) qui permet \u00e0 des citoyens de lancer des d\u00e9cisions et des actions sur les questions que leurs repr\u00e9sentants refusent d&#8217;adresser ;<\/li>\n<li>conditions fortes sans les \u00e9chappatoires qui s&#8217;appliquent \u00e0 chaque organisation (gouvernement, groupes de corporation et sans but lucratif de citoyen, et agences charitables de service social) dans les secteurs de la repr\u00e9sentativit\u00e9 (les \u00e9lections, consultation publique et dirigent des processus d\u00e9cisionnels), de la franchise (des conditions de r\u00e9v\u00e9lation et des lois de l&#8217;acc\u00e8s-\u00e0-information), de l&#8217;honn\u00eatet\u00e9, de l&#8217;\u00e9thique (limites y compris sur des donations, des cadeaux et d&#8217;autres mani\u00e8res argent-connexes d&#8217;influencer des d\u00e9cideurs), de d\u00e9penser, de la r\u00e9ponse et de la responsabilit\u00e9 en g\u00e9n\u00e9ral des op\u00e9rations, et qui s&#8217;appliquent \u00e0 chaque individu dans les secteurs des rapports avec d&#8217;autres individus et responsabilit\u00e9 individuelle ;<\/li>\n<li>pour souligner, les conditions doivent \u00eatre assez fortes et assez compl\u00e8tes pour s&#8217;assurer que des citoyens non seulement poss\u00e9der des gouvernements (comme \u00e9lecteurs et contribuables), des soci\u00e9t\u00e9s (comme actionnaires) et des ressources publiques (terre, eau, air, ondes hertziennes de TV\/radio, recherche et infrastructure publiquement produites), mais \u00e9galement que les citoyens commandent efficacement des gouvernements, des soci\u00e9t\u00e9s et des ressources publiques ;<\/li>\n<li>chien de garde agence (police y compris) qui sont enti\u00e8rement ind\u00e9pendantes (d&#8217;influence politique ou autre d\u00e9centr\u00e9e), enti\u00e8rement autoris\u00e9e (pour \u00e9tudier et p\u00e9naliser), et enti\u00e8rement resourced (pour assurer une chance \u00e9lev\u00e9e que des violateurs seront attrap\u00e9s) qui imposent strictement les conditions fortes dans les domaines des \u00e9lections, consultation publique et dirige des processus d\u00e9cisionnels, l&#8217;acc\u00e8s-\u00e0-information, \u00e9thique, d\u00e9pense, et des op\u00e9rations g\u00e9n\u00e9rales, et les conditions fortes pour des individus au sujet des rapports avec d&#8217;autres individus et responsabilit\u00e9 individuelle ;<\/li>\n<li>courts\/tribunals qui sont enti\u00e8rement ind\u00e9pendant (d&#8217;influence politique ou autre d\u00e9centr\u00e9e), enti\u00e8rement autoris\u00e9 (pour \u00e9tudier et p\u00e9naliser), resourced enti\u00e8rement (il n&#8217;est pas peu raisonnable d&#8217;assurer la justice retard\u00e9) pour manipuler des conflits au sujet des droites et des responsabilit\u00e9s dans chaque autre secteur de la soci\u00e9t\u00e9 (protection y compris des droits de l&#8217;homme fondamentaux) ;<\/li>\n<li>un juste d&#8217;espace libre pour que n&#8217;importe qui &#8220;souffle sifflent&#8221; sur n&#8217;importe quelle violation de n&#8217;importe quelle condition, et d&#8217;est prot\u00e9g\u00e9 contre la revanche et d&#8217;\u00eatre r\u00e9compens\u00e9 si la violation de condition est vraie prouv\u00e9 ;<\/li>\n<li>un juste d&#8217;espace libre pour que les citoyens portent plainte aux agences de chien de garde, et au courts\/tribunals, si n&#8217;importe quelle condition est viol\u00e9e, y compris la droite de poursuivre en tant que groupe (connu sous le nom d&#8217;actions de classe) ;<\/li>\n<li>les p\u00e9nalit\u00e9s pour la violation des conditions qui sont assez haut \u00e0 r\u00e9ellement et efficacement d\u00e9couragent des violations des conditions ;<\/li>\n<li>chaque organisation requise pour aider les citoyens affect\u00e9s par elle pour organiser en, et pour soutenir, un groupe de citoyen qui pr\u00e9conisera pour les int\u00e9r\u00eats des citoyens et les aidera \u00e0 juger l&#8217;organisation responsable ;<\/li>\n<li>les moyens facilement accessibles (TV, radio, publications d&#8217;impression, sites Internet) pour que les citoyens partagent l&#8217;information principale et pr\u00e9cise avec l&#8217;un l&#8217;autre au sujet du chaque les organismes record dans l&#8217;acquiescement aux conditions fortes ont vis\u00e9 en haut ;<\/li>\n<li>une \u00e9conomie assez grande pour financer l&#8217;op\u00e9ration de tous les groupes ci-dessus d&#8217;organizations\/investigative agencies\/courts\/citizen, et assez \u00e9quitable de sorte que chaque citoyen (des adultes et des enfants) ait acc\u00e8s facile vers les droites ci-dessus de participation et de responsabilit\u00e9, et ;<\/li>\n<li>assez de personnes avec les qualifications n\u00e9cessaires, la connaissance et int\u00e9grit\u00e9 pour assurer ce l&#8217;op\u00e9ration des organismes et les agences ci-dessus, et droites de participation et de responsabilit\u00e9, fonctionnent r\u00e9ellement.<\/li>\n<\/ol>\n<p align=\"center\"><em>Copyright Democracy en surveillance 2011<\/em><\/p>\n<div align=\"center\">\n<hr size=\"2\" align=\"center\" width=\"100%\">\n<\/div>\n<p><a name=\"international\"><\/a><\/p>\n<p align=\"center\"><strong>D\u00e9finitions internationales des \u00e9l\u00e9ments principaux d&#8217;une soci\u00e9t\u00e9 d\u00e9mocratique<\/strong><\/p>\n<ul>\n<li><a href=\"http:\/\/www.demcoalition.org\/pdf\/warsaw_english.pdf\" target=\"_blank\" rel=\"noopener noreferrer\">D\u00e9claration de juin 2000 Varsovie de la Communaut\u00e9 des d\u00e9mocraties<\/a> (la Communaut\u00e9 des d\u00e9mocraties est une coalition de plus de 100 pays lanc\u00e9s en 1999 avec le but commun de renforcer les \u00e9tablissements et les valeurs d\u00e9mocratiques aux niveaux nationaux, r\u00e9gionaux, et globaux &#8212; la d\u00e9claration de Varsovie a r\u00e9sult\u00e9 de la premi\u00e8re r\u00e9union des repr\u00e9sentants gouvernementaux des pays \u00e0 Varsovie Pologne en juin 2000, un plan d&#8217;action a \u00e9t\u00e9 d\u00e9velopp\u00e9e et approuv\u00e9 par 95 pays lors de la 2\u00e8me r\u00e9union des gouvernements \u00e0 S\u00e9oul, la Cor\u00e9e Du sud en novembre 2002, et <a href=\"http:\/\/www.santiago2005.org\">la 3\u00e8me r\u00e9union<\/a> des gouvernements seront tenues \u00e0 Santiago, au Chili en avril 2005)<\/li>\n<li><a href=\"http:\/\/www.wmd.org\/conference\/founding.html\" target=\"_blank\" rel=\"noopener noreferrer\">Rapport de fondation du mouvement du monde pour la d\u00e9mocratie<\/a> (<a href=\"http:\/\/www.wmd.org\">le mouvement du monde pour la d\u00e9mocratie<\/a> est un r\u00e9seau des organisations nonnes gouvernemental, des politiciens, des universitaires et de d&#8217;autres soutenant le d\u00e9veloppement de la d\u00e9mocratie dans le monde entier)<\/li>\n<\/ul>\n<div align=\"center\">\n<hr size=\"2\" align=\"center\" width=\"100%\">\n<\/div>\n<p><\/p>","protected":false},"excerpt":{"rendered":"<p>Le mandat de la D\u00e9mocratie en surveillance, 20 \u00e9tapes vers une d\u00e9mocratie moderne et fonctionnante, est bas\u00e9 sur la d\u00e9finition suivante d&#8217;une soci\u00e9t\u00e9 d\u00e9mocratique (Clic ici pour voir les d\u00e9finitions d&#8217;autres organismes des \u00e9l\u00e9ments principaux a eu besoin pour une soci\u00e9t\u00e9 d\u00e9mocratique) : Une D\u00c9MOCRATIE EST une soci\u00e9t\u00e9 dans laquelle tous les adultes ont facilement [&hellip;]<\/p>\n","protected":false},"author":16,"featured_media":0,"parent":0,"menu_order":0,"comment_status":"closed","ping_status":"closed","template":"","meta":{"_acf_changed":false,"footnotes":""},"class_list":["post-886","page","type-page","status-publish","hentry"],"acf":[],"_links":{"self":[{"href":"https:\/\/democracywatch.ca\/fr\/wp-json\/wp\/v2\/pages\/886","targetHints":{"allow":["GET"]}}],"collection":[{"href":"https:\/\/democracywatch.ca\/fr\/wp-json\/wp\/v2\/pages"}],"about":[{"href":"https:\/\/democracywatch.ca\/fr\/wp-json\/wp\/v2\/types\/page"}],"author":[{"embeddable":true,"href":"https:\/\/democracywatch.ca\/fr\/wp-json\/wp\/v2\/users\/16"}],"replies":[{"embeddable":true,"href":"https:\/\/democracywatch.ca\/fr\/wp-json\/wp\/v2\/comments?post=886"}],"version-history":[{"count":14,"href":"https:\/\/democracywatch.ca\/fr\/wp-json\/wp\/v2\/pages\/886\/revisions"}],"predecessor-version":[{"id":18786,"href":"https:\/\/democracywatch.ca\/fr\/wp-json\/wp\/v2\/pages\/886\/revisions\/18786"}],"wp:attachment":[{"href":"https:\/\/democracywatch.ca\/fr\/wp-json\/wp\/v2\/media?parent=886"}],"curies":[{"name":"wp","href":"https:\/\/api.w.org\/{rel}","templated":true}]}}