{"id":797,"date":"2012-08-13T17:08:30","date_gmt":"2012-08-13T17:08:30","guid":{"rendered":"http:\/\/democracywatch.ca\/?page_id=797"},"modified":"2024-06-26T16:22:32","modified_gmt":"2024-06-26T20:22:32","slug":"coffeeparty","status":"publish","type":"page","link":"https:\/\/democracywatch.ca\/fr\/coffeeparty\/","title":{"rendered":"CoffeeParty.ca &#8212; Wake Up Your Government!"},"content":{"rendered":"<a href=\"#French\">La version fran\u00e7aise est ci-dessous<\/a><\/p>\r\n<hr \/>\r\n<p style=\"text-align: center;\"><a href=\"http:\/\/democracywatch.ca\/volunteer\" target=\"_blank\" rel=\"attachment noopener wp-att-1447\"><img loading=\"lazy\" decoding=\"async\" class=\"alignnone size-full wp-image-1447\" title=\"CoffeeCaMugsm3b\" src=\"http:\/\/democracywatch.ca\/wp-content\/uploads\/CoffeeCaMugsm3b.jpg\" alt=\"\" width=\"250\" height=\"116\" \/><\/a> <a href=\"\/donate\" target=\"_blank\" rel=\"attachment noopener wp-att-1599\"><img loading=\"lazy\" decoding=\"async\" class=\"alignnone size-full wp-image-1599\" title=\"JoinThumb\" src=\"http:\/\/democracywatch.ca\/wp-content\/uploads\/JoinThumb.jpg\" alt=\"\" width=\"150\" height=\"117\" \/><\/a><\/p>\r\n<p style=\"text-align: center;\"><a href=\"http:\/\/democracywatch.ca\/volunteer\" target=\"_blank\" rel=\"noopener\">Back to Become a Democracy Watcher page<\/a><\/p>\r\n<p>Welcome to the CoffeeParty.ca movement. Not a political party, not an organization &#8212; an organically growing, non-partisan movement brewed up by Democracy Watch. If Canadians spent as much time writing politicians about their concerns as they spend buying, making and drinking coffee, we would have the good, democratic governments and responsible big businesses we want. Politicians get very worried if only a few hundred voters write to them.<\/p>\r\n<p>&nbsp;<\/p>\r\n<p>Unlike the Tea Party movement in the U.S., the CoffeeParty.ca movement is pushing only for well-researched and broadly supported <a href=\"\/campaigns\" target=\"_blank\" rel=\"noopener\">changes<\/a> that will make Canadian governments and big businesses operate more honestly, ethically, openly, representatively, efficiently and effectively.<\/p>\r\n<p>&nbsp;<\/p>\r\n<p>A <a href=\"http:\/\/democracywatch.ca\/green-party-receives-b-best-grade-of-bad-overall-grades-in-report-card-on-federal-parties-good-government-platforms-bloc-second-with-c-conservatives-liberals-and-ndp-all-receive-f\" target=\"_blank\" rel=\"noopener\">federal election<\/a> created a new federal government in May 2011, and elections were also held in fall 2011 in Manitoba, Newfoundland and Labrador, Northwest Territories, <a href=\"http:\/\/democracywatch.ca\/green-party-receives-d-best-grade-of-bad-overall-grades-in-report-card-on-ontario-parties-good-government-platforms-conservatives-receive-an-e-ndp-an-f-and-liberals-an-incomplete\" target=\"_blank\" rel=\"noopener\">Ontario<\/a>, Prince Edward Island, Saskatchewan and the Yukon, and in spring 2012 in Alberta, and September 2012 in <a href=\"http:\/\/democracywatch.ca\/relsaug3112\" target=\"_blank\" rel=\"noopener\">Quebec<\/a> and will be held in spring 2013 in B.C. and in 2014 in Nova Scotia). As a result, the window of opportunity is wide open for many Canadians to push politicians and governments (some new, some soon to face elections) and opposition parties to make themselves, and big businesses, more accountable and responsible.<\/p>\r\n<p>&nbsp;<\/p>\r\n<p>So please gather a few friends together, make or buy some coffee, and no matter what problem concerns you help make Canadian governments and corporations solve your problem by writing letters, sending messages to key politicians across Canada through the Action Alerts on each <a href=\"\/campaigns\" target=\"_blank\" rel=\"noopener\">Campaign page<\/a> printing and hanging up the &#8220;I&#8217;m Voting for Good Government&#8221; sign, donating and telling everyone you know about CoffeeParty.ca.<\/p>\r\n<p>&nbsp;<\/p>\r\n<p><strong>Thank you for your help!<\/strong><\/p>\r\n<p>&nbsp;<\/p>\r\n<ul>\r\n<li>Write a letter to Canadian politicians using the <a href=\"\/campaigns\" target=\"_blank\" rel=\"noopener\">Democratic Good Government campaign Action Letters<\/a> as a guide.<\/li>\r\n<li>Write a letter to Canadian politicians and government officials asking them to sign the <a href=\"\/campaigns\/democratic-good-government-pledge\/\" target=\"_blank\" rel=\"noopener\">Democratic Good Government Pledge<\/a><\/li>\r\n<li>Write a letter to Canadian politicians using the <a href=\"\/corporate-responsibility-campaign\" target=\"_blank\" rel=\"noopener\">Corporate Responsibility Action Alert<\/a> as a guide.<\/li>\r\n<li>Download, print, and hang or stick up the &#8220;I&#8217;m Voting For Good Government&#8221; <a href=\"http:\/\/democracywatch.ca\/wp-content\/uploads\/CanVotingForGoodGovtSign.pdf\" target=\"_blank\" rel=\"noopener\">sign\/sticker<\/a> (PDF) and the &#8220;Wake Up Your Government&#8221; <a href=\"http:\/\/democracywatch.ca\/wp-content\/uploads\/CoffeePartySticker1.jpg\" target=\"_blank\" rel=\"noopener\">sign\/sticker<\/a>.<\/li>\r\n<li>Download and print the &#8220;Senate Scandal is the tip of the iceberg&#8221; sign by <a href=\"http:\/\/democracywatch.ca\/wp-content\/uploads\/SenateIceberg3.jpg\" target=\"_blank\" rel=\"noopener\">clicking here<\/a> and put it up everywhere<\/li>\r\n<li>Send an email to key Canadian media responding to every article you see about political scandals, and in the email say: &#8220;I support the good government changes proposed by Democracy Watch&#8221; &#8212; for media email addresses, <a href=\"http:\/\/democracywatch.ca\/media-emails\" target=\"_blank\" rel=\"noopener\">click here<\/a>.<\/li>\r\n<li><a href=\"\/donate\" target=\"_blank\" rel=\"noopener\">Sign-up for email Action Alerts<\/a><\/li>\r\n<li><a href=\"\/donate\" target=\"_blank\" rel=\"noopener\">Donate<\/a> now to help grow the CoffeeParty.ca movement across Canada!<\/li>\r\n<li><a href=\"http:\/\/democracywatch.ca\/volunteer\" target=\"_blank\" rel=\"noopener\">Volunteer<\/a> to help with research and organizing events and workshops.<\/li>\r\n<li><a href=\"\/campaigns\" target=\"_blank\" rel=\"noopener\">See<\/a> details about all the problems with Canada&#8217;s governments and big businesses.<\/li>\r\n<li><a href=\"http:\/\/democracyeducation.net\/democracy-skills-course\/\" target=\"_blank\" rel=\"noopener\">Learn<\/a> from the Democracy Education Network&#8217;s materials how to be an effective advocate in Canada.<\/li>\r\n<\/ul>\r\n<p>You can find the contact information for your federal, and provincial or territorial politicians <a href=\"\/contact-information-for-politicians\" target=\"_blank\" rel=\"noopener\">here<\/a>.<\/p>\r\n<hr \/><hr \/>\r\n<p><a name=\"French\"><\/a><\/p>\r\n<p style=\"text-align: center;\"><a href=\"http:\/\/democracywatch.ca\/volunteer\" target=\"_blank\" rel=\"attachment noopener wp-att-1462\"><img loading=\"lazy\" decoding=\"async\" class=\"alignnone size-medium wp-image-1462\" title=\"CoffeeCaMugsm3FR\" src=\"http:\/\/democracywatch.ca\/wp-content\/uploads\/CoffeeCaMugsm3FR-300x138.jpg\" alt=\"\" width=\"300\" height=\"138\" \/><\/a> <a href=\"\/appuyez\" target=\"_blank\" rel=\"noopener\"><img loading=\"lazy\" decoding=\"async\" class=\"alignnone size-full wp-image-1601\" title=\"JoinThumbFR\" src=\"http:\/\/democracywatch.ca\/wp-content\/uploads\/JoinThumbFR.jpg\" alt=\"\" width=\"150\" height=\"117\" \/><\/a><\/p>\r\n<p style=\"text-align: center;\"><a href=\"http:\/\/democracywatch.ca\/volunteer\" target=\"_blank\" rel=\"noopener\">Retour \u00e0 la page Devenir un observateur de la d\u00e9mocratie <\/a><\/p>\r\n<p>Bienvenue \u00e0 le mouvement CoffeeParty.ca &#8212; pas d&#8217;une parti politique, pas d&#8217;une organisation &#8212; un mouvement organique et non-partisan coordon\u00e9 par D\u00e9mocratie en surveillance!<\/p>\r\n<p>&nbsp;<\/p>\r\n<p>Si les Canadiens ont d\u00e9pens\u00e9 autant de temps par \u00e9crit les politiciens de leurs pr\u00e9occupations, car elles consacrent la queue pour acheter du caf\u00e9, nous aurions les bonnes entreprises, les gouvernements d\u00e9mocratiques et responsables grande que nous voulons.<\/p>\r\n<p>&nbsp;<\/p>\r\n<p>Contrairement au mouvement Tea Party aux \u00c9tats-Unis, le Canada Caf\u00e9 Parti mouvement pousse que des changements bien document\u00e9s et largement soutenues qui feront les gouvernements du Canada et les grandes entreprises de fonctionner plus honn\u00eate, \u00e9thique, ouvertement, de mani\u00e8re repr\u00e9sentative, efficace et efficiente.<\/p>\r\n<p>&nbsp;<\/p>\r\n<p>Une <a href=\"http:\/\/democracywatch.ca\/green-party-receives-b-best-grade-of-bad-overall-grades-in-report-card-on-federal-parties-good-government-platforms-bloc-second-with-c-conservatives-liberals-and-ndp-all-receive-f\" target=\"_blank\" rel=\"noopener\">\u00e9lection f\u00e9d\u00e9rale<\/a> a cr\u00e9\u00e9 un nouveau gouvernement f\u00e9d\u00e9ral en mai 2011, et des \u00e9lections ont \u00e9galement \u00e9t\u00e9 tenues \u00e0 l&#8217;automne 2011 au Manitoba, Terre-Neuve-et-Labrador, dans les Territoires du Nord-Ouest, de <a href=\"http:\/\/democracywatch.ca\/green-party-receives-d-best-grade-of-bad-overall-grades-in-report-card-on-ontario-parties-good-government-platforms-conservatives-receive-an-e-ndp-an-f-and-liberals-an-incomplete\" target=\"_blank\" rel=\"noopener\">l&#8217;Ontario<\/a>, Prince-\u00c9douard, en Saskatchewan et au Yukon, et au printemps 2012 en Alberta et en Septembre 2012 au <a href=\"http:\/\/democracywatch.ca\/relsaug3112\" target=\"_blank\" rel=\"noopener\">Qu\u00e9bec<\/a> et se tiendra au printemps 2013 en Colombie-Britannique et en 2014 en Nouvelle-\u00c9cosse).<\/p>\r\n<p>&nbsp;<\/p>\r\n<p>Alors s&#8217;il vous pla\u00eet rassembler quelques amis ensemble, faire ou acheter du caf\u00e9, et peu importe ce qui concerne probl\u00e8me que vous aider \u00e0 rendre les gouvernements canadiens et les entreprises \u00e0 r\u00e9soudre votre probl\u00e8me en \u00e9crivant des lettres, l&#8217;impression de la &#8220;Je vote pour la Bonne Gouvernance&#8221; vignette, le don et dire \u00e0 tous que vous connaissez CoffeeParty.ca.<\/p>\r\n<p>&nbsp;<\/p>\r\n<p><strong>Merci pour votre aide!<\/strong><\/p>\r\n<p>&nbsp;<\/p>\r\n<ul>\r\n<li>Pour voir toutes les raisons pour bon gouvernement au Canada et des syst\u00e8mes de responsabilisation des entreprises, et des nombreux rapports, <a href=\"\/campaigns\" target=\"_blank\" rel=\"noopener\">cliquez ici<\/a>.<\/li>\r\n<li>\u00c9crivez une lettre aux politiciens canadiens en utilisant le <a href=\"\/campaigns\" target=\"_blank\" rel=\"noopener\">Democratic Good Government Campaign Action letters<\/a> en tant que guide.<\/li>\r\n<li>T\u00e9l\u00e9charger, imprimer, le &#8220;I&#8217;m Voting For Good Government&#8221; <a href=\"http:\/\/democracywatch.ca\/wp-content\/uploads\/CanVotingForGoodGovtSign.pdf\" target=\"_blank\" rel=\"noopener\">sign\/sticker<\/a> (PDF) et le &#8220;R\u00e9veillez votre gouvernement!&#8221; <a href=\"http:\/\/democracywatch.ca\/wp-content\/uploads\/CoffeeCaMug1FR.jpg\" target=\"_blank\" rel=\"noopener\">signer\/autocollant<\/a><\/li>\r\n<li>\u00c9crivez une lettre aux politiciens canadiens en utilisant le <a href=\"\/corporate-responsibility-campaign\" target=\"_blank\" rel=\"noopener\">Corporate Responsibility Action Alert<\/a> en tant que guide.<\/li>\r\n<li>Envoyer un message \u00e0 la cl\u00e9 des m\u00e9dias canadiens en disant &#8220;Je soutiens le mouvement CoffeeParty.ca&#8221; &#8211; pour les m\u00e9dias adresses e-mail, <a href=\"http:\/\/democracywatch.ca\/media-emails\" target=\"_blank\" rel=\"noopener\">cliquez ici<\/a>.<\/li>\r\n<li><a href=\"\/campaigns\" target=\"_blank\" rel=\"noopener\">Inscrivez-vous \u00e0 notre Appels \u00e0 l&#8217;action<\/a><\/li>\r\n<li><a href=\"\/donate\" target=\"_blank\" rel=\"noopener\">Faites un don<\/a> pour aider \u00e0 faire cro\u00eetre le mouvement caf\u00e9 Parti \u00e0 travers le Canada!<\/li>\r\n<li><a href=\"http:\/\/democracywatch.ca\/volunteer\" target=\"_blank\" rel=\"noopener\">Se porter volontaire<\/a> pour aider \u00e0 la recherche et l&#8217;organisation d&#8217;\u00e9v\u00e9nements et d&#8217;ateliers.<\/li>\r\n<li><a href=\"http:\/\/democracyeducation.net\/Lessons.html\" target=\"_blank\" rel=\"noopener\">Apprendre<\/a> \u00e0 partir de mat\u00e9riaux du R\u00e9seau \u00c9ducation D\u00e9mocratie comment \u00eatre un d\u00e9fenseur efficace au Canada.<\/li>\r\n<li><a href=\"http:\/\/democracywatch.ca\/fr\/renseignements-pour-communiquer-avec-les-politiciens\/\" target=\"_blank\" rel=\"noopener\">Renseignements pour communiquer avec les politiciens<\/a><\/li>\r\n<\/ul>\r\n<p>Vous pouvez trouver les coordonn\u00e9es de vos politiciens f\u00e9d\u00e9raux, provinciaux ou territoriaux <a href=\"\/contact-information-for-politicians\" target=\"_blank\" rel=\"noopener\">ici<\/a>.<\/p>\r\n<p><\/p>\r\n<a href=\"#French\">La version fran\u00e7aise est ci-dessous<\/a><hr>\r\n<p style=\"text-align: center;\"><a target=\"_blank\" href=\"http:\/\/democracywatch.ca\/volunteer\" rel=\"attachment noopener wp-att-1447\"><img loading=\"lazy\" decoding=\"async\" class=\"alignnone size-full wp-image-1447\" title=\"CoffeeCaMugsm3b\" src=\"http:\/\/democracywatch.ca\/wp-content\/uploads\/CoffeeCaMugsm3b.jpg\" alt=\"\" height=\"116\" width=\"250\" \/><\/a> <a target=\"_blank\" href=\"\/donate\" rel=\"attachment noopener wp-att-1599\"><img loading=\"lazy\" decoding=\"async\" class=\"alignnone size-full wp-image-1599\" title=\"JoinThumb\" src=\"http:\/\/democracywatch.ca\/wp-content\/uploads\/JoinThumb.jpg\" alt=\"\" height=\"117\" width=\"150\" \/><\/a><\/p>\r\n<p style=\"text-align: center;\"><a target=\"_blank\" href=\"http:\/\/democracywatch.ca\/volunteer\" rel=\"noopener\">Back to Become a Democracy Watcher page<\/a><\/p>\r\n<p>Welcome to the CoffeeParty.ca movement. Not a political party, not an organization &#8212; an organically growing, non-partisan movement brewed up by Democracy Watch. If Canadians spent as much time writing politicians about their concerns as they spend buying, making and drinking coffee, we would have the good, democratic governments and responsible big businesses we want. Politicians get very worried if only a few hundred voters write to them.\r\n<p> <\/p>\r\n<p>Unlike the Tea Party movement in the U.S., the CoffeeParty.ca movement is pushing only for well-researched and broadly supported <a target=\"_blank\" href=\"\/campaigns\" rel=\"noopener\">changes<\/a> that will make Canadian governments and big businesses operate more honestly, ethically, openly, representatively, efficiently and effectively.\r\n<p> <\/p>\r\n<p>A <a target=\"_blank\" href=\"http:\/\/democracywatch.ca\/green-party-receives-b-best-grade-of-bad-overall-grades-in-report-card-on-federal-parties-good-government-platforms-bloc-second-with-c-conservatives-liberals-and-ndp-all-receive-f\" rel=\"noopener\">federal election<\/a> created a new federal government in May 2011, and elections were also held in fall 2011 in Manitoba, Newfoundland and Labrador, Northwest Territories, <a target=\"_blank\" href=\"http:\/\/democracywatch.ca\/green-party-receives-d-best-grade-of-bad-overall-grades-in-report-card-on-ontario-parties-good-government-platforms-conservatives-receive-an-e-ndp-an-f-and-liberals-an-incomplete\" rel=\"noopener\">Ontario<\/a>, Prince Edward Island, Saskatchewan and the Yukon, and in spring 2012 in Alberta, and September 2012 in <a target=\"_blank\" href=\"http:\/\/democracywatch.ca\/relsaug3112\" rel=\"noopener\">Quebec<\/a> and will be held in spring 2013 in B.C. and in 2014 in Nova Scotia). As a result, the window of opportunity is wide open for many Canadians to push politicians and governments (some new, some soon to face elections) and opposition parties to make themselves, and big businesses, more accountable and responsible.\r\n<p> <\/p>\r\n<p>So please gather a few friends together, make or buy some coffee, and no matter what problem concerns you help make Canadian governments and corporations solve your problem by writing letters, sending messages to key politicians across Canada through the Action Alerts on each <a target=\"_blank\" href=\"\/campaigns\" rel=\"noopener\">Campaign page<\/a> printing and hanging up the &#8220;I&#8217;m Voting for Good Government&#8221; sign, donating and telling everyone you know about CoffeeParty.ca.\r\n<p> <\/p>\r\n<p><strong>Thank you for your help!<\/strong>\r\n<p> <\/p>\r\n<ul><li>Write a letter to Canadian politicians using the <a target=\"_blank\" href=\"\/campaigns\" rel=\"noopener\">Democratic Good Government campaign Action Letters<\/a> as a guide.<\/li>\r\n\r\n<li>Write a letter to Canadian politicians and government officials asking them to sign the <a target=\"_blank\" href=\"\/campaigns\/democratic-good-government-pledge\/\" rel=\"noopener\">Democratic Good Government Pledge<\/a><\/li>\r\n\r\n<li>Write a letter to Canadian politicians using the <a target=\"_blank\" href=\"\/corporate-responsibility-campaign\" rel=\"noopener\">Corporate Responsibility Action Alert<\/a> as a guide.<\/li>\r\n\r\n<li>Download, print, and hang or stick up the &#8220;I&#8217;m Voting For Good Government&#8221; <a target=\"_blank\" href=\"http:\/\/democracywatch.ca\/wp-content\/uploads\/CanVotingForGoodGovtSign.pdf\" rel=\"noopener\">sign\/sticker<\/a> (PDF) and the &#8220;Wake Up Your Government&#8221; <a target=\"_blank\" href=\"http:\/\/democracywatch.ca\/wp-content\/uploads\/CoffeePartySticker1.jpg\" rel=\"noopener\">sign\/sticker<\/a>.<\/li>\r\n\r\n<li>Download and print the &#8220;Senate Scandal is the tip of the iceberg&#8221; sign by <a target=\"_blank\" href=\"http:\/\/democracywatch.ca\/wp-content\/uploads\/SenateIceberg3.jpg\" rel=\"noopener\">clicking here<\/a> and put it up everywhere<\/li>\r\n\r\n<li>Send an email to key Canadian media responding to every article you see about political scandals, and in the email say: &#8220;I support the good government changes proposed by Democracy Watch&#8221; &#8212; for media email addresses, <a target=\"_blank\" href=\"http:\/\/democracywatch.ca\/media-emails\" rel=\"noopener\">click here<\/a>.<\/li>\r\n\r\n<li><a target=\"_blank\" href=\"\/donate\" rel=\"noopener\">Sign-up for email Action Alerts<\/a><\/li>\r\n\r\n<li><a target=\"_blank\" href=\"\/donate\" rel=\"noopener\">Donate<\/a> now to help grow the CoffeeParty.ca movement across Canada!<\/li>\r\n\r\n<li><a target=\"_blank\" href=\"http:\/\/democracywatch.ca\/volunteer\" rel=\"noopener\">Volunteer<\/a> to help with research and organizing events and workshops.<\/li>\r\n\r\n<li><a target=\"_blank\" href=\"\/campaigns\" rel=\"noopener\">See<\/a> details about all the problems with Canada&#8217;s governments and big businesses.<\/li>\r\n\r\n<li><a target=\"_blank\" href=\"http:\/\/democracyeducation.net\/democracy-skills-course\/\" rel=\"noopener\">Learn<\/a> from the Democracy Education Network&#8217;s materials how to be an effective advocate in Canada.<\/li><\/ul>\r\n\r\n<p>You can find the contact information for your federal, and provincial or territorial politicians <a target=\"_blank\" href=\"\/contact-information-for-politicians\" rel=\"noopener\">here<\/a>.<\/p>\r\n\r\n<hr \/><hr \/><a name=\"French\"><\/a>\r\n\r\n<p style=\"text-align: center;\"><a target=\"_blank\" href=\"http:\/\/democracywatch.ca\/volunteer\" rel=\"attachment noopener wp-att-1462\"><img loading=\"lazy\" decoding=\"async\" class=\"alignnone size-medium wp-image-1462\" title=\"CoffeeCaMugsm3FR\" src=\"http:\/\/democracywatch.ca\/wp-content\/uploads\/CoffeeCaMugsm3FR-300x138.jpg\" alt=\"\" height=\"138\" width=\"300\" \/><\/a> <a target=\"_blank\" href=\"\/appuyez\" rel=\"noopener\"><img loading=\"lazy\" decoding=\"async\" class=\"alignnone size-full wp-image-1601\" title=\"JoinThumbFR\" src=\"http:\/\/democracywatch.ca\/wp-content\/uploads\/JoinThumbFR.jpg\" alt=\"\" height=\"117\" width=\"150\" \/><\/a><\/p>\r\n<p style=\"text-align: center;\"><a target=\"_blank\" href=\"http:\/\/democracywatch.ca\/volunteer\" rel=\"noopener\">Retour \u00e0 la page Devenir un observateur de la d\u00e9mocratie <\/a><\/p>\r\n<p>Bienvenue \u00e0 le mouvement CoffeeParty.ca &#8212; pas d&#8217;une parti politique, pas d&#8217;une organisation &#8212; un mouvement organique et non-partisan coordon\u00e9 par D\u00e9mocratie en surveillance!\r\n<p> <\/p>\r\n<p>Si les Canadiens ont d\u00e9pens\u00e9 autant de temps par \u00e9crit les politiciens de leurs pr\u00e9occupations, car elles consacrent la queue pour acheter du caf\u00e9, nous aurions les bonnes entreprises, les gouvernements d\u00e9mocratiques et responsables grande que nous voulons.\r\n<p> <\/p>\r\n<p>Contrairement au mouvement Tea Party aux \u00c9tats-Unis, le Canada Caf\u00e9 Parti mouvement pousse que des changements bien document\u00e9s et largement soutenues qui feront les gouvernements du Canada et les grandes entreprises de fonctionner plus honn\u00eate, \u00e9thique, ouvertement, de mani\u00e8re repr\u00e9sentative, efficace et efficiente.\r\n<p> <\/p>\r\n<p>Une <a target=\"_blank\" href=\"http:\/\/democracywatch.ca\/green-party-receives-b-best-grade-of-bad-overall-grades-in-report-card-on-federal-parties-good-government-platforms-bloc-second-with-c-conservatives-liberals-and-ndp-all-receive-f\" rel=\"noopener\">\u00e9lection f\u00e9d\u00e9rale<\/a> a cr\u00e9\u00e9 un nouveau gouvernement f\u00e9d\u00e9ral en mai 2011, et des \u00e9lections ont \u00e9galement \u00e9t\u00e9 tenues \u00e0 l&#8217;automne 2011 au Manitoba, Terre-Neuve-et-Labrador, dans les Territoires du Nord-Ouest, de <a target=\"_blank\" href=\"http:\/\/democracywatch.ca\/green-party-receives-d-best-grade-of-bad-overall-grades-in-report-card-on-ontario-parties-good-government-platforms-conservatives-receive-an-e-ndp-an-f-and-liberals-an-incomplete\" rel=\"noopener\">l&#8217;Ontario<\/a>, Prince-\u00c9douard, en Saskatchewan et au Yukon, et au printemps 2012 en Alberta et en Septembre 2012 au <a target=\"_blank\" href=\"http:\/\/democracywatch.ca\/relsaug3112\" rel=\"noopener\">Qu\u00e9bec<\/a> et se tiendra au printemps 2013 en Colombie-Britannique et en 2014 en Nouvelle-\u00c9cosse).\r\n<p> <\/p>\r\n<p>Alors s&#8217;il vous pla\u00eet rassembler quelques amis ensemble, faire ou acheter du caf\u00e9, et peu importe ce qui concerne probl\u00e8me que vous aider \u00e0 rendre les gouvernements canadiens et les entreprises \u00e0 r\u00e9soudre votre probl\u00e8me en \u00e9crivant des lettres, l&#8217;impression de la &#8220;Je vote pour la Bonne Gouvernance&#8221; vignette, le don et dire \u00e0 tous que vous connaissez CoffeeParty.ca.\r\n<p> <\/p>\r\n<p><strong>Merci pour votre aide!<\/strong><\/p>\r\n<p> <\/p>\r\n<ul><li>Pour voir toutes les raisons pour bon gouvernement au Canada et des syst\u00e8mes de responsabilisation des entreprises, et des nombreux rapports, <a target=\"_blank\" href=\"\/campaigns\" rel=\"noopener\">cliquez ici<\/a>.<\/li>\r\n\r\n<li>\u00c9crivez une lettre aux politiciens canadiens en utilisant le <a target=\"_blank\" href=\"\/campaigns\" rel=\"noopener\">Democratic Good Government Campaign Action letters<\/a> en tant que guide.<\/li>\r\n\r\n<li>T\u00e9l\u00e9charger, imprimer, le &#8220;I&#8217;m Voting For Good Government&#8221; <a target=\"_blank\" href=\"http:\/\/democracywatch.ca\/wp-content\/uploads\/CanVotingForGoodGovtSign.pdf\" rel=\"noopener\">sign\/sticker<\/a> (PDF) et le &#8220;R\u00e9veillez votre gouvernement!&#8221; <a target=\"_blank\" href=\"http:\/\/democracywatch.ca\/wp-content\/uploads\/CoffeeCaMug1FR.jpg\" rel=\"noopener\">signer\/autocollant<\/a><\/li>\r\n\r\n<li>\u00c9crivez une lettre aux politiciens canadiens en utilisant le <a target=\"_blank\" href=\"\/corporate-responsibility-campaign\" rel=\"noopener\">Corporate Responsibility Action Alert<\/a> en tant que guide.<\/li>\r\n\r\n<li>Envoyer un message \u00e0 la cl\u00e9 des m\u00e9dias canadiens en disant &#8220;Je soutiens le mouvement CoffeeParty.ca&#8221; &#8211; pour les m\u00e9dias adresses e-mail, <a target=\"_blank\" href=\"http:\/\/democracywatch.ca\/media-emails\" rel=\"noopener\">cliquez ici<\/a>.<\/li>\r\n\r\n<li><a target=\"_blank\" href=\"\/campaigns\" rel=\"noopener\">Inscrivez-vous \u00e0 notre Appels \u00e0 l&#8217;action<\/a><\/li>\r\n\r\n<li><a target=\"_blank\" href=\"\/donate\" rel=\"noopener\">Faites un don<\/a> pour aider \u00e0 faire cro\u00eetre le mouvement caf\u00e9 Parti \u00e0 travers le Canada!<\/li>\r\n\r\n<li><a target=\"_blank\" href=\"http:\/\/democracywatch.ca\/volunteer\" rel=\"noopener\">Se porter volontaire<\/a> pour aider \u00e0 la recherche et l&#8217;organisation d&#8217;\u00e9v\u00e9nements et d&#8217;ateliers.<\/li>\r\n\r\n<li><a target=\"_blank\" href=\"http:\/\/democracyeducation.net\/Lessons.html\" rel=\"noopener\">Apprendre<\/a> \u00e0 partir de mat\u00e9riaux du R\u00e9seau \u00c9ducation D\u00e9mocratie comment \u00eatre un d\u00e9fenseur efficace au Canada.\r\n\r\n<li><a target=\"_blank\" href=\"http:\/\/democracywatch.ca\/fr\/renseignements-pour-communiquer-avec-les-politiciens\/\" rel=\"noopener\">Renseignements pour communiquer avec les politiciens<\/a><\/li><\/ul>\r\n\r\n<p>Vous pouvez trouver les coordonn\u00e9es de vos politiciens f\u00e9d\u00e9raux, provinciaux ou territoriaux <a target=\"_blank\" href=\"\/contact-information-for-politicians\" rel=\"noopener\">ici<\/a>.<\/p>","protected":false},"excerpt":{"rendered":"<p>La version fran\u00e7aise est ci-dessous Back to Become a Democracy Watcher page Welcome to the CoffeeParty.ca movement. Not a political party, not an organization &#8212; an organically growing, non-partisan movement brewed up by Democracy Watch. If Canadians spent as much time writing politicians about their concerns as they spend buying, making and drinking coffee, we [&hellip;]<\/p>\n","protected":false},"author":16,"featured_media":0,"parent":0,"menu_order":0,"comment_status":"closed","ping_status":"closed","template":"","meta":{"_acf_changed":false,"footnotes":""},"class_list":["post-797","page","type-page","status-publish","hentry"],"acf":[],"_links":{"self":[{"href":"https:\/\/democracywatch.ca\/fr\/wp-json\/wp\/v2\/pages\/797","targetHints":{"allow":["GET"]}}],"collection":[{"href":"https:\/\/democracywatch.ca\/fr\/wp-json\/wp\/v2\/pages"}],"about":[{"href":"https:\/\/democracywatch.ca\/fr\/wp-json\/wp\/v2\/types\/page"}],"author":[{"embeddable":true,"href":"https:\/\/democracywatch.ca\/fr\/wp-json\/wp\/v2\/users\/16"}],"replies":[{"embeddable":true,"href":"https:\/\/democracywatch.ca\/fr\/wp-json\/wp\/v2\/comments?post=797"}],"version-history":[{"count":18,"href":"https:\/\/democracywatch.ca\/fr\/wp-json\/wp\/v2\/pages\/797\/revisions"}],"predecessor-version":[{"id":17137,"href":"https:\/\/democracywatch.ca\/fr\/wp-json\/wp\/v2\/pages\/797\/revisions\/17137"}],"wp:attachment":[{"href":"https:\/\/democracywatch.ca\/fr\/wp-json\/wp\/v2\/media?parent=797"}],"curies":[{"name":"wp","href":"https:\/\/api.w.org\/{rel}","templated":true}]}}