{"id":6,"date":"2012-05-23T14:49:21","date_gmt":"2012-05-23T14:49:21","guid":{"rendered":"http:\/\/ycyc-vcvc.ca\/?page_id=6"},"modified":"2026-04-01T16:48:36","modified_gmt":"2026-04-01T20:48:36","slug":"news","status":"publish","type":"page","link":"https:\/\/democracywatch.ca\/fr\/news\/","title":{"rendered":"M\u00e9dias"},"content":{"rendered":"<p><\/p>\n<h1>M\u00e9dias<\/h1>\n<hr size=\"2\" align=\"center\" width=\"100%\">\n<p align=\"center\">Pour t\u00e9l\u00e9charger un document r\u00e9pertoriant toutes les apparitions m\u00e9diatiques de Democracy Watch en 2025, <a href=\"https:\/\/democracywatch.ca\/wp-content\/uploads\/DWatchNews2025-April5.pdf\" target=\"_blank\">cliquez ici<\/a>.<\/p>\n<p align=\"center\">Pour voir les r\u00e9sum\u00e9s des couvertures m\u00e9diatiques pass\u00e9es, <a href=\"https:\/\/democracywatch.ca\/democracy-watch-media-coverage-archive\" target=\"_blank\">cliquez ici<\/a>.<\/p>\n<hr size=\"2\" align=\"center\" width=\"100%\">\n<p><\/p>","protected":false},"excerpt":{"rendered":"<p>M\u00e9dias Pour t\u00e9l\u00e9charger un document r\u00e9pertoriant toutes les apparitions m\u00e9diatiques de Democracy Watch en 2025, cliquez ici. Pour voir les r\u00e9sum\u00e9s des couvertures m\u00e9diatiques pass\u00e9es, cliquez ici.<\/p>\n","protected":false},"author":16,"featured_media":0,"parent":0,"menu_order":3,"comment_status":"closed","ping_status":"closed","template":"","meta":{"_acf_changed":false,"footnotes":""},"class_list":["post-6","page","type-page","status-publish","hentry"],"acf":[],"_links":{"self":[{"href":"https:\/\/democracywatch.ca\/fr\/wp-json\/wp\/v2\/pages\/6","targetHints":{"allow":["GET"]}}],"collection":[{"href":"https:\/\/democracywatch.ca\/fr\/wp-json\/wp\/v2\/pages"}],"about":[{"href":"https:\/\/democracywatch.ca\/fr\/wp-json\/wp\/v2\/types\/page"}],"author":[{"embeddable":true,"href":"https:\/\/democracywatch.ca\/fr\/wp-json\/wp\/v2\/users\/16"}],"replies":[{"embeddable":true,"href":"https:\/\/democracywatch.ca\/fr\/wp-json\/wp\/v2\/comments?post=6"}],"version-history":[{"count":112,"href":"https:\/\/democracywatch.ca\/fr\/wp-json\/wp\/v2\/pages\/6\/revisions"}],"predecessor-version":[{"id":20221,"href":"https:\/\/democracywatch.ca\/fr\/wp-json\/wp\/v2\/pages\/6\/revisions\/20221"}],"wp:attachment":[{"href":"https:\/\/democracywatch.ca\/fr\/wp-json\/wp\/v2\/media?parent=6"}],"curies":[{"name":"wp","href":"https:\/\/api.w.org\/{rel}","templated":true}]}}