{"id":4126,"date":"2013-09-20T16:45:17","date_gmt":"2013-09-20T20:45:17","guid":{"rendered":"http:\/\/democracywatch.ca\/?page_id=4126"},"modified":"2013-09-20T16:46:55","modified_gmt":"2013-09-20T20:46:55","slug":"the-address-to-the-electors-of-terrebonne","status":"publish","type":"page","link":"https:\/\/democracywatch.ca\/fr\/the-address-to-the-electors-of-terrebonne\/","title":{"rendered":"L&#8217;Adresse aux Electeurs du Comt\u00e9 de Terrebonne"},"content":{"rendered":"<p><img decoding=\"async\" border=\"0\" src=\"http:\/\/ycyc-vcvc.ca\/wp-content\/uploads\/LHL.jpg\" align=\"right\" width=\"230\" vspace=\"12\" hspace=\"12\"><b>Du <i>L&#8217;Aurore des Canadas<\/i> (28 aout 1840)<\/b><\/p>\n<p><b>par Louis-Hippolyte Lafontaine<\/b><\/p>\n<p><b>Aux Electeurs du Comt\u00e9 de Terrebonne,<\/b><\/p>\n<p>Messieurs,<\/p>\n<p>L&#8217; Union est enfin d\u00e9cr\u00e9t\u00e9e! Le Canada dans la pens\u00e9e du Parlement Anglais ne doit, \u00e0 l&#8217;avenir, former qu&#8217;une seule Province. Cette grand mesure politique, est-elle dans l&#8217;int\u00e9r\u00eat bien et tendu des populations qu&#8217;elle \u00e0 pour object de soumettre \u00e0 l&#8217;action d&#8217;une seule et m\u00eame L\u00e9gislature? Il fait laisser au temps la solution de ce probl\u00eame. L&#8217;histoire dira que la force l&#8217;a impos\u00e9e aux deux peuples du Bas et du Haut Canada. Pour rendre cette mesure l\u00e9gitime, il faudra le consentement et l&#8217;approbation de ces deux m\u00eames Peuples. Leurs voix ne peut se faire entendre que dans la chambre d&#8217;assembl\u00e9e o\u00f9 cependant, l&#8217;acte du Parlement Imp\u00e9rial, avec ses nombreuses injustices, ne permettra qu&#8217;\u00e0 une partis de leurs legitimes Repr\u00e9sentants de prendre place, dans la \u00e8 session de la nouvelle Legislature.<\/p>\n<p>L&#8217;exercice des pouvoirs arbitraires accordes au gouverneur en chef peut retarder pendant longtemp l&#8217;election g\u00e9n\u00e9rale, de meme qu&#8217;il peut \u00e9galement vous appeler aux <i>hustings<\/i> d&#8217;une mani\u00e8re soudaine et inattendue. Que cette \u00e9poque soit prochaine ou \u00e9login\u00e9e, je n&#8217;oublierai pas d&#8217;anciens engagements. Elu votre deput\u00e9 \u00e0 l&#8217;Assembl\u00e9e du Bas-Canada durant deux Parlements, si vous avez approuv\u00e9 ma conduite et mes principes, comme j&#8217;ai raison de le croire, je vous offre de nouveau mes services dans la legislature nnie.[sic] Je vous les offre avec la conviction que le temps est arriv\u00e9, o\u00f9 celui qui aime sinc\u00e8rement son pays, ne doit pas reculer devant les sacrifices qu&#8217;entraine toujours la vie politique. Quelque soit l&#8217;unanimit\u00e9 que r\u00e8gue ordinairement dans les sentiments des \u00e9lecteurs de votre comt\u00e9, je souhaite et je d\u00e9sire vous rencontrer en grand nombre aux <i>hustings<\/i>. Je compte sur le patriotisme bein connu d&#8217;une population de vingt cinq milles \u00e2mes, quiqu&#8217;elle ne soit appel\u00e9e, a nommer qu&#8217;un seul Representant, tandis qu&#8217;un petit bourg de quelques douzaines d&#8217;\u00e9lecteurs possedera le m\u00eame privil\u00e8ge.<\/p>\n<p>Les \u00e9v\u00e8nements que l&#8217;avenir pr\u00e9pare \u00e2 notre pays, seront de la plus haute importance. Le Canada est la terre de nos anc\u00e8tres; il est notre patrie, de m\u00eame qu&#8217;il doit \u00eatre la patrie adoptive des differentes populations qui viennent, des diverses parties du globe, exploiter ses vastes for\u00eats dans la vue de s&#8217;y etablir et d&#8217;y fixer permanement leurs demeures et leurs int\u00e9r\u00eats. Comme nous, elles doivent d\u00e9sirer, avant toute chose, le bonheur et la prosperit\u00e9 du Canada. C&#8217;est l&#8217;h\u00e9ritage qu&#8217;elles doivent s&#8217;efforcer de transmettre a leurs descendents sur cette terre jeune et hospitali\u00e8re. Leurs enfants devront etre, comme nous, et avant tout, CANADIENS.<\/p>\n<p>En Am\u00e9rique, le plue grand beinfait dont jouissent ses habitant, c&#8217;est l&#8217;\u00e9galit\u00e9 sociale; elle y r\u00e8gne au plus haut d\u00e9gr\u00e9. Si, dans quelques vieilles soci\u00e9t\u00e9s, d&#8217;un autre hemisph\u00e8re, elle semble suffire \u00e0 leurs jouissances et \u00e0 leurs besoins, il n&#8217;en saurait \u00e8tre ainsi pour les populations vigoureuses et fortes de ce nouveau continent. Outre l&#8217;\u00e9galit\u00e9 sociale, il nous faut la libert\u00e9 politique. Sans elle, nous n&#8217;aurions pas d&#8217;avenir; sans elle, nos besoins ne pourraient \u00eatre satisfaits; sans elle, nous ne pourrions atteindre ce bien-\u00eatre que nous promet la nature si vaste en Am\u00e9rique. Avec des efforts constants et dirig\u00e9s avec fermet\u00e9 et prudence vers ce but essentiel a notre prosp\u00e9rit\u00e9, nous obtiendrons cette libert\u00e9 politque. Pour nous emp\u00eacher d&#8217;en jouir, il faudrait d\u00e9truire l&#8217;\u00e9galit\u00e9 sociale qui forme le caracti\u00e8re distinctif tant de la population du Haut-Canada que de celle du Bas-Canada. Car cette \u00e9galit\u00e9 sociale doit n\u00e9cessairement amener notre libert\u00e9 politique. C&#8217;est le besoin irr\u00e9sistible des colonies anglaises dans l&#8217;Am\u00e9rique du Nord. Les moeurs sont plus fortes que les lois, et rien ne saurait nous soustraire \u00e0 leur puissance. Il ne peut exister en Canada aucune caste privil\u00e9giee, en dehors et audessus de la masse de ses habitants. L&#8217;on peut cr\u00e9er des titres un jour: le lendemain vous voyez les enfant trainer le parchemin dans la boue.<\/p>\n<p>Mais le moyen d&#8217;obtenir cette libert\u00e9 politique, si essentielle \u00e0 la paix et au bonheur de ces colonies, et au d\u00e9veloppement de leurs vastes resources? Le moyen, c&#8217;est la sanction de la volont\u00e9 populaire \u00e0 l&#8217;adoption des lois; c&#8217;est le consentement du peuple \u00e0 voter l&#8217;impot et \u00e0 en r\u00e9gler la d\u00e9pense; c&#8217;est encore sa participation efficace \u00e0 l&#8217;action de son gouvernement; c&#8217;est son influence l\u00e9gitime \u00e0 fair mouvoir les rouages de l&#8217;administration, et son contr\u00f4le effectif et constitutionnel sur les individus plue imm\u00e9diatement pr\u00e9pos\u00e9s \u00e0 faire fonctionner cette administration; c&#8217;est, en un mot, ce qui fait la grande question du jour; le gouvernement responsable, tel qu&#8217;on l&#8217;a avou\u00e9 et promis \u00e0 l&#8217;assembl\u00e9e du Haut-Canada pour obtenir son consentement au principe du l&#8217;union, et non tel que peut-\u00eatre on l&#8217;explique maintenant dans certain quartier.<\/p>\n<p>Ce principe ne constitue pas une th\u00e9orie nouvelle. Il est le principal moteur de la constitution anglaise. Lord Durham, en reconaissant la n\u00e9cessite de son application aux colonie dans leurs affaires locales, a touche \u00e0 la racine du mal et a recommande le seul rem\u00e8de efficace. Dans les circonstances actuelles, l&#8217;importance de cette question est telle, qu&#8217;un candidat qui a des principes politiques et qui attache quelque prix, ne doit pas h\u00e9siter \u00e0 exprimer son opinion sur ce sujet. Je ne suis pas du nombre de ceux qui reposent une confiance aveugle dans les promeses du Gouverneur G\u00e9n\u00e9ral a cet \u00e9gard. Loin dela. Je crois que dans la pratiques il ne conc\u00e8dera pas ce principe de bon coeur, et je pense que le plue ou le moins d&#8217;\u00e9tendue o\u00f9 il entend aller, dependra beaucoup de la composition de la nouvelle Chambre d&#8217;Assembl\u00e9e. Pour moi, je n&#8217;h\u00e9site pas \u00e0 dire que je suis en faveur de ce principe anglais de gouvernement responsable. Je vois, dans son operation, seules garanties que nous puissions avoir d&#8217;un bon gouvernement constitutionnel et effectif. Les colons doivent avoir la conduite de leurs propers affaires. Ils doivent diriger tous leurs efforts dans ce but; et pour y parvenir, il faut que l&#8217;administration coloniale soit formee et dirig\u00e9e <i>par et avec<\/i> la majorit\u00e9 des Repr\u00e9sentants du peuple, comme \u00e9tant le seul moyen &#8220;d&#8217;administrer le gouvernement de ces provinces selon les d\u00e9sirs et les interets du peuple, et d&#8217;avoir pour ses sentiments, tels qu&#8217;exprimes par ses Repr\u00e9sentants la justs d\u00e9ference qui leur est due.&#8221;<\/p>\n<p>Une autre question non moins importante, est celle qui r\u00e9sulte m\u00eame de l&#8217;union des deux provinces. Elle est un acte d&#8217;injustice et de despotisme, en ce qu&#8217;elle nous est impos\u00e9e sans notre consentement, en ce qu&#8217;elle prive le Bas-Canada du nombre l\u00e9gitime de ses Repr\u00e9sentants, en ce qu&#8217;elle nous prive de l&#8217;usage de notre langue dans les proc\u00e9d\u00e9s de la L\u00e9gislature, contra la foi des trait\u00e9s et <i>la parole<\/i> du Gouverneur G\u00e9n\u00e9ral, en ce qu&#8217;elle nous fait payer, sans notre consentement, une dette que nous n&#8217;avons pas contract\u00e9e, en ce qu&#8217;elle permet a l&#8217;Ex\u00e9cutif de s&#8217;emparer ill\u00e9galement, sous le nom de lists civile, et sans le vote des Repr\u00e9sentants du peuple, d&#8217;une partie \u00e9norme des revenus du pays.<\/p>\n<p>S&#8217;ensuit-il que les Repr\u00e9sentants du Bas Canada doivent s&#8217;engager d&#8217;avance, et sans garanties, \u00e0 demander le rappel de l&#8217;union? Non, ils ne doivent pas le faire. Ils doivent attendre, avant d&#8217;adopter une d\u00e9termination dont le r\u00e9sultat immediat serait peut-\u00eatre de nous rejeter, pour un temps ind\u00e9fini, sous la l\u00e9gislation liberticide d&#8217;un Conseil Sp\u00e9cial, et de nous laisser sans repr\u00e9sentation aucune. C&#8217;est une erreur trop g\u00e9n\u00e9rale de la part des partis politiques, dans les colonies, que de croire qu&#8217;ils ont de la sympathie \u00e0 attendre de tel ou tel minist\u00e8re Imp\u00e9rial. Que le minist\u00e8re, \u00e0 Londres, soit tory, whig ou radical, cela ne fera aucune difference dans la situation politique des colonies. Le pass\u00e9 est la pour nous en convaincre.<\/p>\n<p>Les R\u00e9formistes, dans les deux provinces, froment une majorit\u00e9 immense. Ce sont ceux du Haut Canada, ou au moins leurs Repr\u00e9sentants qui ont assum\u00e9 la responsabilit\u00e9 de l&#8217;acte d&#8217;union, et de toutes ses dispositions injustes et tyranniques, en s&#8217;en rapportant, pour tous les details, \u00e0 la discretion du Gouverneur-G\u00e9n\u00e9ral. Ils ne saufraient, ils ne peuvent pas approuver le traitement que cet acte fait aux habitants du Bas-Canada. S&#8217;ils ont \u00e9t\u00e9 tromp\u00e9s dans leur attente, ils doivent r\u00e9clamer contre des dispositions qui asservissent leurs int\u00e9r\u00eats politiques et les n\u00f4tres aux caprices de l&#8217;Ex\u00e9cutif. S&#8217;ils ne le faisaient, ils mettraient les R\u00e9formistes du Bas Canada dans une fausse position a leur \u00e9gard, et s&#8217;exposeraient ainsi \u00e0 retarder les progres de la r\u00e9forme pendant de longues ann\u00e9es. Eux, comme nous, auraient a souffrir des division intestines qu&#8217;un pareil \u00e9tat de choses ferait in\u00e9vitablement naitre. Il est de &#8216;int\u00e9r\u00eat des R\u00e9formistes des deux provinces de se rencontrer sur le terrein l\u00e9gislatif, dans un esprit de paix, d&#8217;union, d&#8217;amiti\u00e9 et de fraternit\u00e9. L&#8217;unit\u00e9 d&#8217;action est necessaire plus que jamais. Je n&#8217;ai aucune doute que, comme nous, les Reformistes du Haut-Canada en sentent le besoin, et que dans la premi\u00e8re Session de la L\u00e9gislature, ils nous en donneront des preuves non \u00e9quivoques; ce qui, j&#8217;esp\u00e8re, sera le gage d&#8217;une confiance r\u00e9ciproque et durable.<\/p>\n<p>Quand l&#8217;oeuvre de la l\u00e9gislation r\u00e9guli\u00e8re et constitutionnelle sera reprise, une autre question importante qui est d&#8217;un int\u00e9r\u00eat plue imm\u00e9diat pour les habitans du Bas-Canada, appellera en toute probabilit\u00e9 l&#8217;attention de vos deput\u00e9s. Je veux parler de la question des droits seigneuriaux. Je partage bien sinc\u00e8rement l&#8217;opinion que vous avex d\u00e9j\u00e0 exprim\u00e9e \u00e0 cet \u00e9gard dans la sixi\u00e8me resolution de l&#8217;assembl\u00e9e de votre comt\u00e9, du 11 juin 1837, dans laquelle vous avez declar\u00e9 que &#8220;dans la vue d&#8217;assurer t\u00f4t ou tard le triomphe des principes d\u00e9mocratiques qui, seuls peuvent fonder un gouvernement libre et stable sur ce nouveau continent, nous devons employer tous les moyens en notre pouvoir pour \u00e9galiser les conditions sociales, arracher au gouvernement tout espoir d&#8217;etablir dans le pays un noyau d&#8217;aristocratie, quelque faible qu&#8217;il puisse \u00eatre; et que cette assembl\u00e9e regarde comme un des moyens les plue propres a parvenir \u00e0 cette fin l&#8217;abolition des droits seigneuriaux, en accordant aux possesseurs d&#8217;iceux une compensation juste raisonnable, et l&#8217;\u00e9tablissement d&#8217;une tenure enti\u00e8rement libre que nos moeurs et nos besoins r\u00e9clament hautement et imp\u00e9rieusement.&#8221;<\/p>\n<p>L&#8217;\u00e9ducation est le premier bienfait qu&#8217;un gouvernement puisse conf\u00e9rer \u00e0 un peuple. Autrefois il existait des \u00e9coles que le Conseil L\u00e9gislatif a ferm\u00e9es. L&#8217;argent public sera mieux employ\u00e9 \u00e0 les rouvrir qu a soudoyer une police que tout le monde repousse et abhorre. L&#8217;\u00e9tablissement de nos coll\u00e9ges donne tous les jours le d\u00e9menti \u00e0 ces assertions fausses et injurieuses, prof\u00e9r\u00e9es par les pr\u00e9jug\u00e9s et les passions, de l&#8217;ignorance des Canadiens et de leur pr\u00e9tendue indifference pour l&#8217;\u00e9ducation.<\/p>\n<p>Le d\u00e9veloppement de nos vastes ressources int\u00e9rieures, n\u00e9cessite imp\u00e9rieusement l&#8217;ouverture d&#8217;une navigation facile depuis la mer jusqu&#8217;aux lacs. Le St. Laurent est le canal naturel d&#8217;une grande partie des produits de l&#8217;ouest. Si, pour attirer \u00e0 nous cette source de richesses publiques et priv\u00e9es, il faut que la main de l&#8217;homme vienne en aide des moyens que la nature nous offre, nous ne devons pas h\u00e9siter \u00e0 y donner une coop\u00e9ration judicieuse et prudente.<\/p>\n<p>Telles sont mes vues sure les points g\u00e9n\u00e9raux de notre position politique. Si elles sont les v\u00f4tres, vous m&#8217;en donnerex la preuve le jour o\u00f9, en commun avec vos fr\u00e8res r\u00e9formistes, vous serez appel\u00e9s \u00e0 faire choix d&#8217;un membre pour vous repr\u00e9senter dans la L\u00e9gislature Unie.<\/p>\n<p>J&#8217;ai l&#8217;honneur d&#8217;\u00eatre,<\/p>\n<p>Votre devou\u00e9 Serviteur,<\/p>\n<p><b>L.H. Lafontaine<\/b><\/p>\n<p><b>Montr\u00e9al, 25 ao\u00f9t 1840.<\/b><\/p>","protected":false},"excerpt":{"rendered":"<p>Du L&#8217;Aurore des Canadas (28 aout 1840) par Louis-Hippolyte Lafontaine Aux Electeurs du Comt\u00e9 de Terrebonne, Messieurs, L&#8217; Union est enfin d\u00e9cr\u00e9t\u00e9e! Le Canada dans la pens\u00e9e du Parlement Anglais ne doit, \u00e0 l&#8217;avenir, former qu&#8217;une seule Province. Cette grand mesure politique, est-elle dans l&#8217;int\u00e9r\u00eat bien et tendu des populations qu&#8217;elle \u00e0 pour object de [&hellip;]<\/p>\n","protected":false},"author":16,"featured_media":0,"parent":0,"menu_order":0,"comment_status":"open","ping_status":"open","template":"","meta":{"_acf_changed":false,"footnotes":""},"class_list":["post-4126","page","type-page","status-publish","hentry"],"acf":[],"_links":{"self":[{"href":"https:\/\/democracywatch.ca\/fr\/wp-json\/wp\/v2\/pages\/4126","targetHints":{"allow":["GET"]}}],"collection":[{"href":"https:\/\/democracywatch.ca\/fr\/wp-json\/wp\/v2\/pages"}],"about":[{"href":"https:\/\/democracywatch.ca\/fr\/wp-json\/wp\/v2\/types\/page"}],"author":[{"embeddable":true,"href":"https:\/\/democracywatch.ca\/fr\/wp-json\/wp\/v2\/users\/16"}],"replies":[{"embeddable":true,"href":"https:\/\/democracywatch.ca\/fr\/wp-json\/wp\/v2\/comments?post=4126"}],"version-history":[{"count":0,"href":"https:\/\/democracywatch.ca\/fr\/wp-json\/wp\/v2\/pages\/4126\/revisions"}],"wp:attachment":[{"href":"https:\/\/democracywatch.ca\/fr\/wp-json\/wp\/v2\/media?parent=4126"}],"curies":[{"name":"wp","href":"https:\/\/api.w.org\/{rel}","templated":true}]}}