{"id":2,"date":"2012-05-22T15:51:38","date_gmt":"2012-05-22T15:51:38","guid":{"rendered":"http:\/\/ycyc-vcvc.ca\/?page_id=2"},"modified":"2025-05-23T03:22:01","modified_gmt":"2025-05-23T07:22:01","slug":"sample-page","status":"publish","type":"page","link":"https:\/\/democracywatch.ca\/fr\/","title":{"rendered":"Accueil"},"content":{"rendered":"<p><script type=\"text\/javascript\">jQuery(function() { _initLayerSlider( '#layerslider_2_gbhrsf165538', {sliderVersion: '6.4.0', responsiveUnder: 0, allowFullscreen: true, maxRatio: 1, slideBGSize: 'auto', hideUnder: 0, hideOver: 100000, pauseOnHover: 'enabled', skin: 'numbers', sliderFadeInDuration: 350, thumbnailNavigation: 'disabled', useSrcset: true, skinsPath: 'https:\/\/democracywatch.ca\/wp-content\/plugins\/LayerSlider\/assets\/static\/layerslider\/skins\/', performanceMode: true}); });<\/script><div id=\"layerslider_2_gbhrsf165538\"  class=\"ls-wp-container fitvidsignore ls-selectable\" style=\"width:1140px;height:640px;margin:0 auto;margin-bottom: 50px;\"><div class=\"ls-slide\" data-ls=\"bgsize:contain;bgposition:50% 50%;duration:4000;transition2d:104;kenburnsscale:1.00;\"><img loading=\"lazy\" decoding=\"async\" width=\"950\" height=\"534\" src=\"https:\/\/democracywatch.ca\/wp-content\/uploads\/NEW-DUFF-1b-1.jpg\" class=\"ls-bg\" alt=\"\" srcset=\"https:\/\/democracywatch.ca\/wp-content\/uploads\/NEW-DUFF-1b-1.jpg 950w, https:\/\/democracywatch.ca\/wp-content\/uploads\/NEW-DUFF-1b-1-300x169.jpg 300w, https:\/\/democracywatch.ca\/wp-content\/uploads\/NEW-DUFF-1b-1-768x432.jpg 768w\" sizes=\"auto, (max-width: 950px) 100vw, 950px\" \/><a style=\"\" class=\"ls-l\" href=\"https:\/\/democracywatch.ca\/fr\/campaigns\/bank-accountability-campaign\/\" target=\"_top\" data-ls=\"scalexin:0;durationout:400;scalexout:0;scaleyout:0;parallaxlevel:0;position:relative;\"><div style=\"width:100%;top:100%;left:0px;height:150px;text-align:initial;font-weight:400;font-style:normal;text-decoration:none;background:#6098C0;mix-blend-mode:normal;\" class=\" slide-bar ls-html-layer\"><\/div><\/a><a style=\"\" class=\"ls-l\" href=\"https:\/\/democracywatch.ca\/fr\/campaigns\/bank-accountability-campaign\/\" target=\"_blank\" data-ls=\"offsetyin:100%;durationin:900;delayin:100;clipin:0 0 100% 0;durationout:400;parallaxlevel:0;minfontsize:16;minmobilefontsize:16;position:relative;\"><div style=\"letter-spacing:1.6px;font-family:Roboto;color:#FFFFFF;top:100%;left:50%;width:80%;font-size:32px;text-align:initial;font-weight:400;font-style:normal;text-decoration:none;mix-blend-mode:normal;height:150px;white-space:normal;\" class=\" slide-text ls-post-layer\">Campagne de responsabilisation des banques<\/div><\/a><a style=\"\" class=\"ls-l\" href=\"https:\/\/democracywatch.ca\/fr\/campaigns\/bank-accountability-campaign\/\" target=\"_self\" data-ls=\"showinfo:1;position:relative;\"><div style=\"top:0px;left:0px;text-align:initial;font-weight:400;font-style:normal;text-decoration:none;mix-blend-mode:normal;width:100%;height:100%;\" class=\"ls-html-layer\"><\/div><\/a><\/div><div class=\"ls-slide\" data-ls=\"bgsize:contain;bgposition:50% 50%;duration:4000;transition2d:104;kenburnsscale:1.00;\"><img loading=\"lazy\" decoding=\"async\" width=\"750\" height=\"421\" src=\"https:\/\/democracywatch.ca\/wp-content\/uploads\/34-750x421-2b.jpg\" class=\"ls-bg\" alt=\"\" srcset=\"https:\/\/democracywatch.ca\/wp-content\/uploads\/34-750x421-2b.jpg 750w, https:\/\/democracywatch.ca\/wp-content\/uploads\/34-750x421-2b-300x168.jpg 300w\" sizes=\"auto, (max-width: 750px) 100vw, 750px\" \/><a style=\"\" class=\"ls-l\" href=\"https:\/\/democracywatch.ca\/fr\/campaigns\/citizen-association-campaign\/\" target=\"_top\" data-ls=\"scalexin:0;durationout:400;scalexout:0;scaleyout:0;parallaxlevel:0;\"><div style=\"width:100%;top:100%;left:0px;height:150px;background:#6098C0;\" class=\"ls-html-layer\"><\/div><\/a><a style=\"\" class=\"ls-l\" href=\"https:\/\/democracywatch.ca\/fr\/campaigns\/citizen-association-campaign\/\" target=\"_blank\" data-ls=\"offsetyin:100%;durationin:900;delayin:100;clipin:0 0 100% 0;durationout:400;parallaxlevel:0;minfontsize:16;minmobilefontsize:16;position:relative;\"><div style=\"letter-spacing:1.6px;font-family:Roboto;color:#FFFFFF;top:100%;left:50%;width:80%;font-size:32px;height:150px;text-align:initial;font-weight:400;font-style:normal;text-decoration:none;mix-blend-mode:normal;white-space:normal;\" class=\"ls-post-layer\">(English) Citizen Association Campaign<\/div><\/a><a style=\"\" class=\"ls-l\" href=\"https:\/\/democracywatch.ca\/fr\/campaigns\/citizen-association-campaign\/\" target=\"_self\" data-ls=\"showinfo:1;position:relative;\"><div style=\"top:0px;left:0px;text-align:initial;font-weight:400;font-style:normal;text-decoration:none;mix-blend-mode:normal;width:100%;height:100%;\" class=\"ls-html-layer\"><\/div><\/a><\/div><div class=\"ls-slide\" data-ls=\"bgsize:contain;bgposition:50% 50%;duration:4000;transition2d:104;kenburnsscale:1.00;\"><img loading=\"lazy\" decoding=\"async\" width=\"750\" height=\"421\" src=\"https:\/\/democracywatch.ca\/wp-content\/uploads\/corp-resp-copy-2-1.jpg\" class=\"ls-bg\" alt=\"\" srcset=\"https:\/\/democracywatch.ca\/wp-content\/uploads\/corp-resp-copy-2-1.jpg 750w, https:\/\/democracywatch.ca\/wp-content\/uploads\/corp-resp-copy-2-1-300x168.jpg 300w\" sizes=\"auto, (max-width: 750px) 100vw, 750px\" \/><a style=\"\" class=\"ls-l\" href=\"https:\/\/democracywatch.ca\/fr\/campaigns\/corporate-responsibility-campaign\/\" target=\"_top\" data-ls=\"scalexin:0;durationout:400;scalexout:0;scaleyout:0;parallaxlevel:0;\"><div style=\"width:100%;top:100%;left:0px;height:150px;background:#6098C0;\" class=\"ls-html-layer\"><\/div><\/a><a style=\"\" class=\"ls-l\" href=\"https:\/\/democracywatch.ca\/fr\/campaigns\/corporate-responsibility-campaign\/\" target=\"_blank\" data-ls=\"offsetyin:100%;durationin:900;delayin:100;clipin:0 0 100% 0;durationout:400;parallaxlevel:0;minfontsize:16;minmobilefontsize:16;position:relative;\"><div style=\"letter-spacing:1.6px;font-family:Roboto;color:#FFFFFF;left:50%;width:80%;font-size:32px;height:150px;text-align:initial;font-weight:400;font-style:normal;text-decoration:none;mix-blend-mode:normal;top:100%;white-space:normal;\" class=\"ls-post-layer\">(English) Corporate Responsibility Campaign<\/div><\/a><a style=\"\" class=\"ls-l\" href=\"https:\/\/democracywatch.ca\/fr\/campaigns\/corporate-responsibility-campaign\/\" target=\"_self\" data-ls=\"showinfo:1;position:relative;\"><div style=\"top:0px;left:0px;text-align:initial;font-weight:400;font-style:normal;text-decoration:none;mix-blend-mode:normal;width:100%;height:100%;\" class=\"ls-html-layer\"><\/div><\/a><\/div><div class=\"ls-slide\" data-ls=\"bgsize:contain;bgposition:50% 50%;duration:4000;transition2d:104;kenburnsscale:1.00;\"><img loading=\"lazy\" decoding=\"async\" width=\"950\" height=\"535\" src=\"https:\/\/democracywatch.ca\/wp-content\/uploads\/NEW-DUFF-3.jpeg\" class=\"ls-bg\" alt=\"\" srcset=\"https:\/\/democracywatch.ca\/wp-content\/uploads\/NEW-DUFF-3.jpeg 950w, https:\/\/democracywatch.ca\/wp-content\/uploads\/NEW-DUFF-3-300x169.jpeg 300w, https:\/\/democracywatch.ca\/wp-content\/uploads\/NEW-DUFF-3-768x433.jpeg 768w\" sizes=\"auto, (max-width: 950px) 100vw, 950px\" \/><a style=\"\" class=\"ls-l\" href=\"https:\/\/democracywatch.ca\/fr\/campaigns\/stop-fossil-fuel-financing-campaign\/\" target=\"_top\" data-ls=\"scalexin:0;durationout:400;scalexout:0;scaleyout:0;parallaxlevel:0;\"><div style=\"width:100%;top:100%;left:0px;height:150px;background:#6098C0;\" class=\"ls-html-layer\"><\/div><\/a><a style=\"\" class=\"ls-l\" href=\"https:\/\/democracywatch.ca\/fr\/campaigns\/stop-fossil-fuel-financing-campaign\/\" target=\"_blank\" data-ls=\"offsetyin:100%;durationin:900;delayin:100;clipin:0 0 100% 0;durationout:400;parallaxlevel:0;minfontsize:16;minmobilefontsize:16;position:relative;\"><div style=\"letter-spacing:1.6px;font-family:Roboto;color:#FFFFFF;left:50%;width:80%;font-size:32px;height:150px;text-align:initial;font-weight:400;font-style:normal;text-decoration:none;mix-blend-mode:normal;top:100%;white-space:normal;\" class=\"ls-post-layer\">Campagne contre le financement des combustibles fossiles<\/div><\/a><a style=\"\" class=\"ls-l\" href=\"https:\/\/democracywatch.ca\/fr\/campaigns\/stop-fossil-fuel-financing-campaign\/\" target=\"_self\" data-ls=\"showinfo:1;position:relative;\"><div style=\"top:0px;left:0px;text-align:initial;font-weight:400;font-style:normal;text-decoration:none;mix-blend-mode:normal;width:100%;height:100%;\" class=\"ls-html-layer\"><\/div><\/a><\/div><div class=\"ls-slide\" data-ls=\"bgsize:contain;bgposition:50% 50%;duration:4000;transition2d:104;kenburnsscale:1.00;\"><img decoding=\"async\" src=\"[image-url]\" class=\"ls-bg\" alt=\"\" \/><a style=\"\" class=\"ls-l\" href=\"%5Bpost-url%5D\" target=\"_top\" data-ls=\"scalexin:0;durationout:400;scalexout:0;scaleyout:0;parallaxlevel:0;\"><div style=\"width:100%;top:100%;left:0px;height:150px;background:#6098C0;\" class=\"ls-html-layer\"><\/div><\/a><a style=\"\" class=\"ls-l\" href=\"%5Bpost-url%5D\" target=\"_blank\" data-ls=\"offsetyin:100%;durationin:900;delayin:100;clipin:0 0 100% 0;durationout:400;parallaxlevel:0;minfontsize:16;minmobilefontsize:16;position:relative;\"><div style=\"letter-spacing:1.6px;font-family:Roboto;color:#FFFFFF;left:50%;width:80%;font-size:32px;height:150px;text-align:initial;font-weight:400;font-style:normal;text-decoration:none;mix-blend-mode:normal;top:100%;white-space:normal;\" class=\"ls-post-layer\">Stop Fossil Fuel Financing Campaign<\/div><\/a><a style=\"\" class=\"ls-l\" href=\"%5Bpost-url%5D\" target=\"_self\" data-ls=\"showinfo:1;position:relative;\"><div style=\"top:0px;left:0px;text-align:initial;font-weight:400;font-style:normal;text-decoration:none;mix-blend-mode:normal;width:100%;height:100%;\" class=\"ls-html-layer\">https:\/\/democracywatch.ca\/campaigns\/stop-fossil-fuel-financing-campaign\/<\/div><\/a><\/div><\/div><\/p>\n<p><strong>D\u00e9mocratie en surveillance<\/strong> est le principal groupe du citoyen du Canada pr\u00e9conisant la r\u00e9forme d\u00e9mocratique, la responsabilit\u00e9 du gouvernement et la responsabilit\u00e9 des entreprises.<\/p>\n<p><strong>D\u00e9mocratie en surveillance<\/strong> est la plus efficace et r\u00e9ussie groupe national de d\u00e9fense des citoyens au Canada de remporter des changements syst\u00e9miques pour les principales lois depuis qu&#8217;il a ouvert ses portes \u00e0 l&#8217;automne 1993 &#8211; il a gagn\u00e9 plus de 110 modifications \u00e0 un bon gouvernement f\u00e9d\u00e9ral et provinciaux et des lois de responsabilit\u00e9 d&#8217;entreprise, beaucoup d&#8217;qui sont de classe mondiale.<\/p>","protected":false},"excerpt":{"rendered":"<p>D\u00e9mocratie en surveillance est le principal groupe du citoyen du Canada pr\u00e9conisant la r\u00e9forme d\u00e9mocratique, la responsabilit\u00e9 du gouvernement et la responsabilit\u00e9 des entreprises. D\u00e9mocratie en surveillance est la plus efficace et r\u00e9ussie groupe national de d\u00e9fense des citoyens au Canada de remporter des changements syst\u00e9miques pour les principales lois depuis qu&#8217;il a ouvert ses [&hellip;]<\/p>\n","protected":false},"author":16,"featured_media":0,"parent":0,"menu_order":0,"comment_status":"closed","ping_status":"closed","template":"","meta":{"_acf_changed":false,"footnotes":""},"class_list":["post-2","page","type-page","status-publish","hentry"],"acf":[],"_links":{"self":[{"href":"https:\/\/democracywatch.ca\/fr\/wp-json\/wp\/v2\/pages\/2","targetHints":{"allow":["GET"]}}],"collection":[{"href":"https:\/\/democracywatch.ca\/fr\/wp-json\/wp\/v2\/pages"}],"about":[{"href":"https:\/\/democracywatch.ca\/fr\/wp-json\/wp\/v2\/types\/page"}],"author":[{"embeddable":true,"href":"https:\/\/democracywatch.ca\/fr\/wp-json\/wp\/v2\/users\/16"}],"replies":[{"embeddable":true,"href":"https:\/\/democracywatch.ca\/fr\/wp-json\/wp\/v2\/comments?post=2"}],"version-history":[{"count":30,"href":"https:\/\/democracywatch.ca\/fr\/wp-json\/wp\/v2\/pages\/2\/revisions"}],"predecessor-version":[{"id":18258,"href":"https:\/\/democracywatch.ca\/fr\/wp-json\/wp\/v2\/pages\/2\/revisions\/18258"}],"wp:attachment":[{"href":"https:\/\/democracywatch.ca\/fr\/wp-json\/wp\/v2\/media?parent=2"}],"curies":[{"name":"wp","href":"https:\/\/api.w.org\/{rel}","templated":true}]}}